{"id":2796,"date":"2022-08-29T16:30:24","date_gmt":"2022-08-29T15:30:24","guid":{"rendered":"https:\/\/www.ideolegal.com\/?page_id=2796"},"modified":"2022-08-30T11:54:57","modified_gmt":"2022-08-30T10:54:57","slug":"javier-martin-fernandez","status":"publish","type":"page","link":"https:\/\/www.ideolegal.com\/en\/the-law-firm\/javier-martin-fernandez\/","title":{"rendered":"Javier Mart\u00edn Fern\u00e1ndez"},"content":{"rendered":"<p><section id=\"bt_bb_section69f93132e5ec3\" class=\"bt_bb_section bt_bb_color_scheme_14 bt_bb_layout_boxed_1200 bt_bb_vertical_align_top bt_bb_background_overlay_dark_solid bt_bb_top_spacing_extra_large bt_bb_bottom_spacing_medium\" style=\"; --section-primary-color:#fff; --section-secondary-color:#2c2c2c;\" data-bt-override-class=\"null\"><div class=\"bt_bb_background_image_holder_wrapper\"><div class=\"bt_bb_background_image_holder bt_bb_parallax\"  data-parallax=\"0.8\" data-parallax-offset=\"0\" data-parallax-zoom-start=\"1\" data-parallax-zoom-end=\"1\" data-parallax-blur-start=\"0\" data-parallax-blur-end=\"0\" data-parallax-opacity-start=\"1\" data-parallax-opacity-end=\"1\" style=\" background-image:url(&#039;https:\/\/www.ideolegal.com\/wp-content\/uploads\/ideolegal-header-05.jpg&#039;);\"><\/div><\/div><div class=\"bt_bb_port\"><div class=\"bt_bb_cell\"><div class=\"bt_bb_cell_inner\"><div class=\"bt_bb_row  bt_bb_column_gap_40\" style=\"; --column-gap:40px;\" data-bt-override-class=\"{}\"><div class=\"bt_bb_row_holder\" ><div  class=\"bt_bb_column col-xxl-8 col-xl-8 bt_bb_vertical_align_top bt_bb_align_left bt_bb_padding_normal\" style=\"; --column-width:8;\" data-width=\"8\" data-bt-override-class=\"{}\"><div class=\"bt_bb_column_content\"><div class=\"bt_bb_column_content_inner\"><header class=\"bt_bb_headline bt_bb_dash_top bt_bb_superheadline bt_bb_subheadline bt_bb_size_medium bt_bb_align_inherit\" data-bt-override-class=\"{&quot;bt_bb_size_&quot;:{&quot;current_class&quot;:&quot;bt_bb_size_medium&quot;,&quot;def&quot;:&quot;medium&quot;,&quot;xl&quot;:&quot;medium&quot;},&quot;bt_bb_align_&quot;:{&quot;current_class&quot;:&quot;bt_bb_align_inherit&quot;,&quot;def&quot;:&quot;inherit&quot;,&quot;xl&quot;:&quot;inherit&quot;}}\"><h1 class=\"bt_bb_headline_tag\"><span class=\"bt_bb_headline_superheadline\">OUR TEAM<\/span><span class=\"bt_bb_headline_content\"><span>JAVIER MART\u00cdN FERN\u00c1NDEZ<\/span><\/span><\/h1><div class=\"bt_bb_headline_subheadline\">Managing Partner, with extensive experience in business management.<\/div><\/header><div class=\"bt_bb_separator bt_bb_border_style_none bt_bb_top_spacing_medium\" data-bt-override-class=\"null\"><\/div><\/div><\/div><\/div><div  class=\"bt_bb_column col-xxl-4 col-xl-4 bt_bb_vertical_align_top bt_bb_align_left bt_bb_padding_normal\" style=\"; --column-width:4;\" data-width=\"4\" data-bt-override-class=\"{}\"><div class=\"bt_bb_column_content\"><div class=\"bt_bb_column_content_inner\"><\/div><\/div><\/div><\/div><\/div><\/div><!-- cell_inner --><\/div><!-- cell --><\/div><!-- port --><\/section><section id=\"bt_bb_section69f93132e647b\" class=\"bt_bb_section bt_bb_color_scheme_2 bt_bb_layout_boxed_1200 bt_bb_vertical_align_top bt_bb_top_spacing_large\" style=\"; --section-primary-color:#191919; --section-secondary-color:#ffffff;\" data-bt-override-class=\"null\"><div class=\"bt_bb_port\"><div class=\"bt_bb_cell\"><div class=\"bt_bb_cell_inner\"><div class=\"bt_bb_row  bt_bb_column_gap_40\" style=\"; --column-gap:40px;\" data-bt-override-class=\"{}\"><div class=\"bt_bb_row_holder\" ><div  class=\"bt_bb_column col-xxl-6 col-xl-6 bt_bb_vertical_align_middle bt_bb_align_left bt_bb_padding_normal bt_bb_animation_fade_in animate\" style=\"; --column-width:6;\" data-width=\"6\" data-bt-override-class=\"{}\"><div class=\"bt_bb_column_content\"><div class=\"bt_bb_column_content_inner\"><div  class=\"bt_bb_text\" ><\/p>\n<p><b>Javier Mart\u00edn Fern\u00e1ndez<\/b><br \/>\nPartner Director<br \/>\njmartin@ideolegal.com<br \/>\nMadrid<br \/>\nPhone: 914 263 740<\/p>\n<p>\n<\/div><div class=\"bt_bb_separator bt_bb_border_style_none bt_bb_top_spacing_normal\" data-bt-override-class=\"null\"><\/div><div  class=\"bt_bb_text\" ><\/p>\n<p style=\"text-align: justify;\">Managing Partner of F&amp;J MART\u00cdN ABOGADOS and lawyer since 1985. He has acted as consultant to\u00a0 important operations, both in the public and private sectors and has a great deal of experience in business management (in fact, he was the first Manager of Land Released from the Railway, which developed the RENFE Partial Plan of C\u00f3rdoba and represented the greatest urban transformation of the city in the 20th century).<\/p>\n<p style=\"text-align: justify;\">He shares his professional practice with teaching.\u00a0 Professor of Financial and Tax Law at the Complutense University of Madrid, he has participated in more than 400 conferences, seminars, courses and lectures, always in subjects related to his specialty, analysing the specific problems of the forums where they were taught.<\/p>\n<p>\n<\/div><\/div><\/div><\/div><div  class=\"bt_bb_column col-xxl-6 col-xl-6 bt_bb_vertical_align_bottom bt_bb_align_left bt_bb_padding_normal\" style=\"; --column-width:6;\" data-width=\"6\" data-bt-override-class=\"{}\"><div class=\"bt_bb_column_content\"><div class=\"bt_bb_column_content_inner\"><div class=\"bt_bb_image bt_bb_shape_square bt_bb_target_self bt_bb_align_inherit bt_bb_hover_style_simple bt_bb_content_display_always bt_bb_content_align_middle\" data-bt-override-class=\"{}\"><span><img fetchpriority=\"high\" decoding=\"async\" width=\"500\" height=\"700\" src=\"https:\/\/www.ideolegal.com\/wp-content\/uploads\/ideolegal-javier_martin-large.jpg\" class=\"attachment-boldthemes_large_square size-boldthemes_large_square\" alt=\"Ideo Legal\" data-full_image_src=\"https:\/\/www.ideolegal.com\/wp-content\/uploads\/ideolegal-javier_martin-large.jpg\" title=\"Javier Mart\u00edn Fern\u00e1ndez\" loading=\"eager\" srcset=\"https:\/\/www.ideolegal.com\/wp-content\/uploads\/ideolegal-javier_martin-large.jpg 500w, https:\/\/www.ideolegal.com\/wp-content\/uploads\/ideolegal-javier_martin-large-320x448.jpg 320w\" sizes=\"(max-width: 500px) 100vw, 500px\" \/><\/span><\/div><\/div><\/div><\/div><\/div><\/div><\/div><!-- cell_inner --><\/div><!-- cell --><\/div><!-- port --><\/section><section id=\"bt_bb_section69f93132e6fe2\" class=\"bt_bb_section bt_bb_color_scheme_12 bt_bb_layout_boxed_1200 bt_bb_vertical_align_top bt_bb_top_spacing_large bt_bb_bottom_spacing_large\" style=\"; --section-primary-color:#181818; --section-secondary-color:#efefef;\" data-bt-override-class=\"null\"><div class=\"bt_bb_port\"><div class=\"bt_bb_cell\"><div class=\"bt_bb_cell_inner\"><div class=\"bt_bb_row  bt_bb_column_gap_40\" style=\"; --column-gap:40px;\" data-bt-override-class=\"{}\"><div class=\"bt_bb_row_holder\" ><div  class=\"bt_bb_column col-xxl-4 col-xl-4 bt_bb_vertical_align_top bt_bb_align_left bt_bb_padding_normal\" style=\"; --column-width:4;\" data-width=\"4\" data-bt-override-class=\"{}\"><div class=\"bt_bb_column_content\"><div class=\"bt_bb_column_content_inner\"><div  class=\"bt_bb_text\" ><\/p>\n<p style=\"text-align: justify;\">This person also has a significant level of cooperation with the Public Administration:<\/p>\n<p>\n<\/div><\/div><\/div><\/div><div  class=\"bt_bb_column col-xxl-8 col-xl-8 bt_bb_vertical_align_top bt_bb_align_left bt_bb_padding_normal\" style=\"; --column-width:8;\" data-width=\"8\" data-bt-override-class=\"{}\"><div class=\"bt_bb_column_content\"><div class=\"bt_bb_column_content_inner\"><div  class=\"bt_bb_text\" ><\/p>\n<ul>\n<li style=\"text-align: justify;\">President of the Taxpayer Protection Council of the Ministry of Finance between 2016 and 2018 (previously he was a chair and member of its Permanent Committee for 4 years).<\/li>\n<li style=\"text-align: justify;\">He has been part of the three Commissions for the reform of the General Tax Law (of the first of them he was Secretary), financing of the Autonomous Communities and Local Treasuries, on the systems for determining the tax base and the contribution of self-employed entrepreneurs and on the tax regime for professional companies.<\/li>\n<li style=\"text-align: justify;\">He also participated, as an expert, in the elaboration of the White Paper on Agriculture and Rural Development.<\/li>\n<\/ul>\n<p>\n<\/div><\/div><\/div><\/div><\/div><\/div><\/div><!-- cell_inner --><\/div><!-- cell --><\/div><!-- port --><\/section><section id=\"bt_bb_section69f93132e74ce\" class=\"bt_bb_section bt_bb_color_scheme_2 bt_bb_layout_boxed_1200 bt_bb_vertical_align_top bt_bb_top_spacing_large bt_bb_bottom_spacing_large\" style=\"; --section-primary-color:#191919; --section-secondary-color:#ffffff;\" data-bt-override-class=\"null\"><div class=\"bt_bb_port\"><div class=\"bt_bb_cell\"><div class=\"bt_bb_cell_inner\"><div class=\"bt_bb_row  bt_bb_column_gap_40\" style=\"; --column-gap:40px;\" data-bt-override-class=\"{}\"><div class=\"bt_bb_row_holder\" ><div  class=\"bt_bb_column col-xxl-6 col-xl-6 bt_bb_vertical_align_top bt_bb_align_left bt_bb_padding_normal\" style=\"; --column-width:6;\" data-width=\"6\" data-bt-override-class=\"{}\"><div class=\"bt_bb_column_content\"><div class=\"bt_bb_column_content_inner\"><div  class=\"bt_bb_text\" ><\/p>\n<p style=\"text-align: justify;\">Author of several books on his speciality, he has directed several collective works for the Centre for Financial Studies, Lefebvre, La Ley, the Institute of Fiscal Studies, Tirant lo Blanch and Thomson Reuters.<\/p>\n<p style=\"text-align: justify;\">Coordinator of the magazine Practice Fiscal of the SEPIN publishing house and publishes, usually, in the following specialized magazines, both national and foreign:<\/p>\n<p>\n<\/div><\/div><\/div><\/div><div  class=\"bt_bb_column col-xxl-6 col-xl-6 bt_bb_vertical_align_top bt_bb_align_left bt_bb_padding_normal\" style=\"; --column-width:6;\" data-width=\"6\" data-bt-override-class=\"{}\"><div class=\"bt_bb_column_content\"><div class=\"bt_bb_column_content_inner\"><div  class=\"bt_bb_text\" ><\/p>\n<ul>\n<li><em>Cr\u00f3nica Tributaria<\/em><\/li>\n<li><em>Estudios Financieros<\/em><\/li>\n<li><em>Fiscal Mes a Mes<\/em><\/li>\n<li><em>Impuestos<\/em><\/li>\n<li><em>International Tax Review<\/em><\/li>\n<li><em>Noticias de la Uni\u00f3n Europea<\/em><\/li>\n<li><em>Revista Espa\u00f1ola de Derecho Financiero<\/em><\/li>\n<li><em>Revista T\u00e9cnica Tributaria<\/em><\/li>\n<li><em> Tributos Locales<\/em><\/li>\n<li><em>Quincena Fiscal<\/em><\/li>\n<\/ul>\n<p>\n<\/div><\/div><\/div><\/div><\/div><\/div><\/div><!-- cell_inner --><\/div><!-- cell --><\/div><!-- port --><\/section><section id=\"bt_bb_section69f93132e7af9\" class=\"bt_bb_section bt_bb_color_scheme_12 bt_bb_layout_boxed_1200 bt_bb_vertical_align_top bt_bb_top_spacing_large bt_bb_bottom_spacing_large\" style=\"; --section-primary-color:#181818; --section-secondary-color:#efefef;\" data-bt-override-class=\"null\"><div class=\"bt_bb_port\"><div class=\"bt_bb_cell\"><div class=\"bt_bb_cell_inner\"><div class=\"bt_bb_row  bt_bb_column_gap_40\" style=\"; --column-gap:40px;\" data-bt-override-class=\"{}\"><div class=\"bt_bb_row_holder\" ><div  class=\"bt_bb_column col-xxl-12 col-xl-12 bt_bb_vertical_align_top bt_bb_align_left bt_bb_padding_normal\" style=\"; --column-width:12;\" data-width=\"12\" data-bt-override-class=\"{}\"><div class=\"bt_bb_column_content\"><div class=\"bt_bb_column_content_inner\"><div  class=\"bt_bb_text\" ><\/p>\n<p style=\"text-align: justify;\">He was a member of Technical Subcommittee CTN 307 SC1, &#8220;Compliance management systems and anti-corruption management systems&#8221; (which led to the UNE 19601 standard) and is currently Chairman of Technical Subcommittee CTN 307 SC2 &#8220;Tax compliance&#8221; (which led to the UNE 19602 standard).<\/p>\n<p style=\"text-align: justify;\">Chairman of the Regulatory Council of the Montilla-Moriles Certificate of Origin; Bodegas Campos and Paradigma de C\u00f3rdoba Foundations. Patron of the Foundation for the Promotion of Agri-Food Quality of Andalusia, as well as corresponding Academic of the Royal Academy of Sciences, Noble and Fine Arts of C\u00f3rdoba.<\/p>\n<p style=\"text-align: justify;\">Member of the Academic Committee of the Spanish Federation of Tax Technicians and the Observatory of the Autonomous (ATA).<\/p>\n<p style=\"text-align: justify;\">Holder of the Order of Civil Merit; Arco Iris Awards of Cooperativism 1989 in its modality &#8220;To the best cooperative research&#8221;, of the Ministry of Development and Work of the Junta de Andaluc\u00eda and &#8220;Financial Studies 1996&#8221;, in its modality of taxation.<\/p>\n<p>\n<\/div><\/div><\/div><\/div><\/div><\/div><\/div><!-- cell_inner --><\/div><!-- cell --><\/div><!-- port --><\/section><\/p>\n","protected":false},"excerpt":{"rendered":"<p>Understanding the world that surrounds our clients and the things that influence their consumers gives context to how we design their brand story, and where it is played out.<\/p>\n","protected":false},"author":1,"featured_media":0,"parent":2747,"menu_order":0,"comment_status":"closed","ping_status":"closed","template":"","meta":{"footnotes":""},"class_list":["post-2796","page","type-page","status-publish","hentry"],"yoast_head":"<!-- This site is optimized with the Yoast SEO plugin v27.5 - https:\/\/yoast.com\/product\/yoast-seo-wordpress\/ -->\n<title>Javier Mart\u00edn Fern\u00e1ndez - IDEO LEGAL Abogados especialistas en Derecho Financiero y Tributario en Madrid y M\u00e1laga<\/title>\n<meta name=\"robots\" content=\"index, follow, max-snippet:-1, max-image-preview:large, max-video-preview:-1\" \/>\n<link rel=\"canonical\" href=\"https:\/\/www.ideolegal.com\/en\/the-law-firm\/javier-martin-fernandez\/\" \/>\n<meta property=\"og:locale\" content=\"en_US\" \/>\n<meta property=\"og:type\" content=\"article\" \/>\n<meta property=\"og:title\" content=\"Javier Mart\u00edn Fern\u00e1ndez - IDEO LEGAL Abogados especialistas en Derecho Financiero y Tributario en Madrid y M\u00e1laga\" \/>\n<meta property=\"og:description\" content=\"Understanding the world that surrounds our clients and the things that influence their consumers gives context to how we design their brand story, and where it is played out.\" \/>\n<meta property=\"og:url\" content=\"https:\/\/www.ideolegal.com\/en\/the-law-firm\/javier-martin-fernandez\/\" \/>\n<meta property=\"og:site_name\" content=\"IDEO LEGAL\" \/>\n<meta property=\"article:modified_time\" content=\"2022-08-30T10:54:57+00:00\" \/>\n<meta name=\"twitter:card\" content=\"summary_large_image\" \/>\n<meta name=\"twitter:label1\" content=\"Est. reading time\" \/>\n\t<meta name=\"twitter:data1\" content=\"4 minutes\" \/>\n<script type=\"application\/ld+json\" class=\"yoast-schema-graph\">{\"@context\":\"https:\\\/\\\/schema.org\",\"@graph\":[{\"@type\":\"WebPage\",\"@id\":\"https:\\\/\\\/www.ideolegal.com\\\/en\\\/the-law-firm\\\/javier-martin-fernandez\\\/\",\"url\":\"https:\\\/\\\/www.ideolegal.com\\\/en\\\/the-law-firm\\\/javier-martin-fernandez\\\/\",\"name\":\"Javier Mart\u00edn Fern\u00e1ndez - IDEO LEGAL Abogados especialistas en Derecho Financiero y Tributario en Madrid y M\u00e1laga\",\"isPartOf\":{\"@id\":\"https:\\\/\\\/www.ideolegal.com\\\/#website\"},\"datePublished\":\"2022-08-29T15:30:24+00:00\",\"dateModified\":\"2022-08-30T10:54:57+00:00\",\"breadcrumb\":{\"@id\":\"https:\\\/\\\/www.ideolegal.com\\\/en\\\/the-law-firm\\\/javier-martin-fernandez\\\/#breadcrumb\"},\"inLanguage\":\"en-US\",\"potentialAction\":[{\"@type\":\"ReadAction\",\"target\":[\"https:\\\/\\\/www.ideolegal.com\\\/en\\\/the-law-firm\\\/javier-martin-fernandez\\\/\"]}]},{\"@type\":\"BreadcrumbList\",\"@id\":\"https:\\\/\\\/www.ideolegal.com\\\/en\\\/the-law-firm\\\/javier-martin-fernandez\\\/#breadcrumb\",\"itemListElement\":[{\"@type\":\"ListItem\",\"position\":1,\"name\":\"Portada\",\"item\":\"https:\\\/\\\/www.ideolegal.com\\\/en\\\/\"},{\"@type\":\"ListItem\",\"position\":2,\"name\":\"The Law Firm\",\"item\":\"https:\\\/\\\/www.ideolegal.com\\\/en\\\/the-law-firm\\\/\"},{\"@type\":\"ListItem\",\"position\":3,\"name\":\"Javier Mart\u00edn Fern\u00e1ndez\"}]},{\"@type\":\"WebSite\",\"@id\":\"https:\\\/\\\/www.ideolegal.com\\\/#website\",\"url\":\"https:\\\/\\\/www.ideolegal.com\\\/\",\"name\":\"IDEO LEGAL\",\"description\":\"Abogados especialistas en Derecho Financiero y Tributario en Madrid y M\u00e1laga\",\"publisher\":{\"@id\":\"https:\\\/\\\/www.ideolegal.com\\\/#organization\"},\"potentialAction\":[{\"@type\":\"SearchAction\",\"target\":{\"@type\":\"EntryPoint\",\"urlTemplate\":\"https:\\\/\\\/www.ideolegal.com\\\/?s={search_term_string}\"},\"query-input\":{\"@type\":\"PropertyValueSpecification\",\"valueRequired\":true,\"valueName\":\"search_term_string\"}}],\"inLanguage\":\"en-US\"},{\"@type\":\"Organization\",\"@id\":\"https:\\\/\\\/www.ideolegal.com\\\/#organization\",\"name\":\"IDEO LEGAL\",\"url\":\"https:\\\/\\\/www.ideolegal.com\\\/\",\"logo\":{\"@type\":\"ImageObject\",\"inLanguage\":\"en-US\",\"@id\":\"https:\\\/\\\/www.ideolegal.com\\\/#\\\/schema\\\/logo\\\/image\\\/\",\"url\":\"https:\\\/\\\/www.ideolegal.com\\\/wp-content\\\/uploads\\\/ideo_legal-logo-new.png\",\"contentUrl\":\"https:\\\/\\\/www.ideolegal.com\\\/wp-content\\\/uploads\\\/ideo_legal-logo-new.png\",\"width\":350,\"height\":86,\"caption\":\"IDEO LEGAL\"},\"image\":{\"@id\":\"https:\\\/\\\/www.ideolegal.com\\\/#\\\/schema\\\/logo\\\/image\\\/\"}}]}<\/script>\n<!-- \/ Yoast SEO plugin. -->","yoast_head_json":{"title":"Javier Mart\u00edn Fern\u00e1ndez - IDEO LEGAL Abogados especialistas en Derecho Financiero y Tributario en Madrid y M\u00e1laga","robots":{"index":"index","follow":"follow","max-snippet":"max-snippet:-1","max-image-preview":"max-image-preview:large","max-video-preview":"max-video-preview:-1"},"canonical":"https:\/\/www.ideolegal.com\/en\/the-law-firm\/javier-martin-fernandez\/","og_locale":"en_US","og_type":"article","og_title":"Javier Mart\u00edn Fern\u00e1ndez - IDEO LEGAL Abogados especialistas en Derecho Financiero y Tributario en Madrid y M\u00e1laga","og_description":"Understanding the world that surrounds our clients and the things that influence their consumers gives context to how we design their brand story, and where it is played out.","og_url":"https:\/\/www.ideolegal.com\/en\/the-law-firm\/javier-martin-fernandez\/","og_site_name":"IDEO LEGAL","article_modified_time":"2022-08-30T10:54:57+00:00","twitter_card":"summary_large_image","twitter_misc":{"Est. reading time":"4 minutes"},"schema":{"@context":"https:\/\/schema.org","@graph":[{"@type":"WebPage","@id":"https:\/\/www.ideolegal.com\/en\/the-law-firm\/javier-martin-fernandez\/","url":"https:\/\/www.ideolegal.com\/en\/the-law-firm\/javier-martin-fernandez\/","name":"Javier Mart\u00edn Fern\u00e1ndez - IDEO LEGAL Abogados especialistas en Derecho Financiero y Tributario en Madrid y M\u00e1laga","isPartOf":{"@id":"https:\/\/www.ideolegal.com\/#website"},"datePublished":"2022-08-29T15:30:24+00:00","dateModified":"2022-08-30T10:54:57+00:00","breadcrumb":{"@id":"https:\/\/www.ideolegal.com\/en\/the-law-firm\/javier-martin-fernandez\/#breadcrumb"},"inLanguage":"en-US","potentialAction":[{"@type":"ReadAction","target":["https:\/\/www.ideolegal.com\/en\/the-law-firm\/javier-martin-fernandez\/"]}]},{"@type":"BreadcrumbList","@id":"https:\/\/www.ideolegal.com\/en\/the-law-firm\/javier-martin-fernandez\/#breadcrumb","itemListElement":[{"@type":"ListItem","position":1,"name":"Portada","item":"https:\/\/www.ideolegal.com\/en\/"},{"@type":"ListItem","position":2,"name":"The Law Firm","item":"https:\/\/www.ideolegal.com\/en\/the-law-firm\/"},{"@type":"ListItem","position":3,"name":"Javier Mart\u00edn Fern\u00e1ndez"}]},{"@type":"WebSite","@id":"https:\/\/www.ideolegal.com\/#website","url":"https:\/\/www.ideolegal.com\/","name":"IDEO LEGAL","description":"Abogados especialistas en Derecho Financiero y Tributario en Madrid y M\u00e1laga","publisher":{"@id":"https:\/\/www.ideolegal.com\/#organization"},"potentialAction":[{"@type":"SearchAction","target":{"@type":"EntryPoint","urlTemplate":"https:\/\/www.ideolegal.com\/?s={search_term_string}"},"query-input":{"@type":"PropertyValueSpecification","valueRequired":true,"valueName":"search_term_string"}}],"inLanguage":"en-US"},{"@type":"Organization","@id":"https:\/\/www.ideolegal.com\/#organization","name":"IDEO LEGAL","url":"https:\/\/www.ideolegal.com\/","logo":{"@type":"ImageObject","inLanguage":"en-US","@id":"https:\/\/www.ideolegal.com\/#\/schema\/logo\/image\/","url":"https:\/\/www.ideolegal.com\/wp-content\/uploads\/ideo_legal-logo-new.png","contentUrl":"https:\/\/www.ideolegal.com\/wp-content\/uploads\/ideo_legal-logo-new.png","width":350,"height":86,"caption":"IDEO LEGAL"},"image":{"@id":"https:\/\/www.ideolegal.com\/#\/schema\/logo\/image\/"}}]}},"_links":{"self":[{"href":"https:\/\/www.ideolegal.com\/en\/wp-json\/wp\/v2\/pages\/2796","targetHints":{"allow":["GET"]}}],"collection":[{"href":"https:\/\/www.ideolegal.com\/en\/wp-json\/wp\/v2\/pages"}],"about":[{"href":"https:\/\/www.ideolegal.com\/en\/wp-json\/wp\/v2\/types\/page"}],"author":[{"embeddable":true,"href":"https:\/\/www.ideolegal.com\/en\/wp-json\/wp\/v2\/users\/1"}],"replies":[{"embeddable":true,"href":"https:\/\/www.ideolegal.com\/en\/wp-json\/wp\/v2\/comments?post=2796"}],"version-history":[{"count":3,"href":"https:\/\/www.ideolegal.com\/en\/wp-json\/wp\/v2\/pages\/2796\/revisions"}],"predecessor-version":[{"id":2799,"href":"https:\/\/www.ideolegal.com\/en\/wp-json\/wp\/v2\/pages\/2796\/revisions\/2799"}],"up":[{"embeddable":true,"href":"https:\/\/www.ideolegal.com\/en\/wp-json\/wp\/v2\/pages\/2747"}],"wp:attachment":[{"href":"https:\/\/www.ideolegal.com\/en\/wp-json\/wp\/v2\/media?parent=2796"}],"curies":[{"name":"wp","href":"https:\/\/api.w.org\/{rel}","templated":true}]}}